{"id":10,"date":"2021-04-09T18:24:59","date_gmt":"2021-04-09T16:24:59","guid":{"rendered":"https:\/\/www.climaprime.com\/?page_id=10"},"modified":"2025-06-02T17:25:54","modified_gmt":"2025-06-02T15:25:54","slug":"contact","status":"publish","type":"page","link":"https:\/\/www.climaprime.com\/index.php\/contact\/","title":{"rendered":"Contact"},"content":{"rendered":"\n<p>Nous sommes \u00e0 votre disposition pour toutes vos questions ou demandes d&rsquo;information. N&rsquo;h\u00e9sitez pas \u00e0 nous contacter.<\/p>\n\n\n\n<p><strong>Adresse <\/strong>: 45 rue M\u00e8ge, Le Pradet 83220<\/p>\n\n\n\n<p><strong>T\u00e9l\u00e9phone<\/strong> : 09 80 52 03 98<\/p>\n\n\n\n<p><strong>Email<\/strong> : <a>climaplusassistance@yahoo.fr<\/a><\/p>\n\n\n<div class=\"wp-block-image\">\n<figure class=\"aligncenter size-large\"><img fetchpriority=\"high\" decoding=\"async\" width=\"1024\" height=\"577\" src=\"https:\/\/www.climaprime.com\/wp-content\/uploads\/2025\/03\/433958595_122095127612263671_4645502086815708079_n-1024x577.png\" alt=\"\" class=\"wp-image-185\" srcset=\"https:\/\/www.climaprime.com\/wp-content\/uploads\/2025\/03\/433958595_122095127612263671_4645502086815708079_n-1024x577.png 1024w, https:\/\/www.climaprime.com\/wp-content\/uploads\/2025\/03\/433958595_122095127612263671_4645502086815708079_n-300x169.png 300w, https:\/\/www.climaprime.com\/wp-content\/uploads\/2025\/03\/433958595_122095127612263671_4645502086815708079_n-768x433.png 768w, https:\/\/www.climaprime.com\/wp-content\/uploads\/2025\/03\/433958595_122095127612263671_4645502086815708079_n-1536x865.png 1536w, https:\/\/www.climaprime.com\/wp-content\/uploads\/2025\/03\/433958595_122095127612263671_4645502086815708079_n.png 1640w\" sizes=\"(max-width: 767px) 89vw, (max-width: 1000px) 54vw, (max-width: 1071px) 543px, 580px\" \/><\/figure>\n<\/div>","protected":false},"excerpt":{"rendered":"<p>Nous sommes \u00e0 votre disposition pour toutes vos questions ou demandes d&rsquo;information. N&rsquo;h\u00e9sitez pas \u00e0 nous contacter. Adresse : 45 rue M\u00e8ge, Le Pradet 83220 T\u00e9l\u00e9phone : 09 80 52 03 98 Email : climaplusassistance@yahoo.fr<\/p>\n","protected":false},"author":1,"featured_media":161,"parent":0,"menu_order":0,"comment_status":"closed","ping_status":"closed","template":"","meta":{"footnotes":""},"class_list":["post-10","page","type-page","status-publish","has-post-thumbnail","hentry"],"_links":{"self":[{"href":"https:\/\/www.climaprime.com\/index.php\/wp-json\/wp\/v2\/pages\/10","targetHints":{"allow":["GET"]}}],"collection":[{"href":"https:\/\/www.climaprime.com\/index.php\/wp-json\/wp\/v2\/pages"}],"about":[{"href":"https:\/\/www.climaprime.com\/index.php\/wp-json\/wp\/v2\/types\/page"}],"author":[{"embeddable":true,"href":"https:\/\/www.climaprime.com\/index.php\/wp-json\/wp\/v2\/users\/1"}],"replies":[{"embeddable":true,"href":"https:\/\/www.climaprime.com\/index.php\/wp-json\/wp\/v2\/comments?post=10"}],"version-history":[{"count":7,"href":"https:\/\/www.climaprime.com\/index.php\/wp-json\/wp\/v2\/pages\/10\/revisions"}],"predecessor-version":[{"id":297,"href":"https:\/\/www.climaprime.com\/index.php\/wp-json\/wp\/v2\/pages\/10\/revisions\/297"}],"wp:featuredmedia":[{"embeddable":true,"href":"https:\/\/www.climaprime.com\/index.php\/wp-json\/wp\/v2\/media\/161"}],"wp:attachment":[{"href":"https:\/\/www.climaprime.com\/index.php\/wp-json\/wp\/v2\/media?parent=10"}],"curies":[{"name":"wp","href":"https:\/\/api.w.org\/{rel}","templated":true}]}}